{"id":521,"date":"2025-09-15T16:22:49","date_gmt":"2025-09-15T14:22:49","guid":{"rendered":"https:\/\/protectionik.com\/prodotto\/porte-capsules-kapsycase-compatible-avec-lavazza\/"},"modified":"2025-09-15T16:22:49","modified_gmt":"2025-09-15T14:22:49","slug":"porte-capsules-kapsycase-compatible-avec-lavazza","status":"publish","type":"product","link":"https:\/\/protectionik.com\/fr\/prodotto\/porte-capsules-kapsycase-compatible-avec-lavazza\/","title":{"rendered":"Porte-capsules Kapsycase compatible avec LAVAZZA"},"content":{"rendered":"<p><span style=\"text-decoration: underline; font-size: 18pt; background-color: #ffffff; color: #ff0000;\">Kapsycase<\/span><\/p>\n<p><span style=\"color: #3366ff;\">Porte-capsules compatible Lavazza, max. 20 capsules<\/span><\/p>\n<p>Produit d&rsquo;excellente qualit\u00e9, fabriqu\u00e9 en acier, peint en noir mat \u00e0 l&rsquo;arri\u00e8re, tandis que l&rsquo;avant est peint en gris clair mat.<\/p>\n","protected":false},"excerpt":{"rendered":"<p>Kapsycase Porte-capsules compatible Lavazza, max. 20 capsules Produit d&rsquo;excellente qualit\u00e9, fabriqu\u00e9 en acier, peint en noir mat \u00e0 l&rsquo;arri\u00e8re, tandis que l&rsquo;avant est peint en gris clair mat.<\/p>\n","protected":false},"featured_media":525,"comment_status":"closed","ping_status":"closed","template":"","meta":[],"product_brand":[],"product_cat":[57],"product_tag":[],"class_list":{"0":"post-521","1":"product","2":"type-product","3":"status-publish","4":"has-post-thumbnail","6":"product_cat-porte-capsules","8":"first","9":"instock","10":"sale","11":"shipping-taxable","12":"purchasable","13":"product-type-simple"},"jetpack_sharing_enabled":true,"_links":{"self":[{"href":"https:\/\/protectionik.com\/fr\/wp-json\/wp\/v2\/product\/521","targetHints":{"allow":["GET"]}}],"collection":[{"href":"https:\/\/protectionik.com\/fr\/wp-json\/wp\/v2\/product"}],"about":[{"href":"https:\/\/protectionik.com\/fr\/wp-json\/wp\/v2\/types\/product"}],"replies":[{"embeddable":true,"href":"https:\/\/protectionik.com\/fr\/wp-json\/wp\/v2\/comments?post=521"}],"wp:featuredmedia":[{"embeddable":true,"href":"https:\/\/protectionik.com\/fr\/wp-json\/wp\/v2\/media\/525"}],"wp:attachment":[{"href":"https:\/\/protectionik.com\/fr\/wp-json\/wp\/v2\/media?parent=521"}],"wp:term":[{"taxonomy":"product_brand","embeddable":true,"href":"https:\/\/protectionik.com\/fr\/wp-json\/wp\/v2\/product_brand?post=521"},{"taxonomy":"product_cat","embeddable":true,"href":"https:\/\/protectionik.com\/fr\/wp-json\/wp\/v2\/product_cat?post=521"},{"taxonomy":"product_tag","embeddable":true,"href":"https:\/\/protectionik.com\/fr\/wp-json\/wp\/v2\/product_tag?post=521"}],"curies":[{"name":"wp","href":"https:\/\/api.w.org\/{rel}","templated":true}]}}