{"id":511,"date":"2025-09-15T16:32:09","date_gmt":"2025-09-15T14:32:09","guid":{"rendered":"https:\/\/protectionik.com\/prodotto\/porte-capsules-kapsycase-compatible-avec-nespresso\/"},"modified":"2025-09-15T16:32:09","modified_gmt":"2025-09-15T14:32:09","slug":"porte-capsules-kapsycase-compatible-avec-nespresso","status":"publish","type":"product","link":"https:\/\/protectionik.com\/fr\/prodotto\/porte-capsules-kapsycase-compatible-avec-nespresso\/","title":{"rendered":"Porte-capsules Kapsycase compatible avec NESPRESSO"},"content":{"rendered":"<p><span style=\"color: #ff0000; font-size: 18pt; background-color: #ffffff;\">Kapsycase<\/span><\/p>\n<p><span style=\"color: #0000ff;\">Porte-capsules compatible NESPRESSO, max. 35 capsules<\/span><\/p>\n<p>Produit d&rsquo;excellente qualit\u00e9, fabriqu\u00e9 en acier, peint en noir mat \u00e0 l&rsquo;arri\u00e8re, tandis que l&rsquo;avant est peint en gris clair mat.<\/p>\n","protected":false},"excerpt":{"rendered":"<p>Kapsycase Porte-capsules compatible NESPRESSO, max. 35 capsules Produit d&rsquo;excellente qualit\u00e9, fabriqu\u00e9 en acier, peint en noir mat \u00e0 l&rsquo;arri\u00e8re, tandis que l&rsquo;avant est peint en gris clair mat.<\/p>\n","protected":false},"featured_media":512,"comment_status":"closed","ping_status":"closed","template":"","meta":[],"product_brand":[],"product_cat":[57],"product_tag":[],"class_list":{"0":"post-511","1":"product","2":"type-product","3":"status-publish","4":"has-post-thumbnail","6":"product_cat-porte-capsules","8":"first","9":"instock","10":"sale","11":"shipping-taxable","12":"purchasable","13":"product-type-simple"},"jetpack_sharing_enabled":true,"_links":{"self":[{"href":"https:\/\/protectionik.com\/fr\/wp-json\/wp\/v2\/product\/511","targetHints":{"allow":["GET"]}}],"collection":[{"href":"https:\/\/protectionik.com\/fr\/wp-json\/wp\/v2\/product"}],"about":[{"href":"https:\/\/protectionik.com\/fr\/wp-json\/wp\/v2\/types\/product"}],"replies":[{"embeddable":true,"href":"https:\/\/protectionik.com\/fr\/wp-json\/wp\/v2\/comments?post=511"}],"wp:featuredmedia":[{"embeddable":true,"href":"https:\/\/protectionik.com\/fr\/wp-json\/wp\/v2\/media\/512"}],"wp:attachment":[{"href":"https:\/\/protectionik.com\/fr\/wp-json\/wp\/v2\/media?parent=511"}],"wp:term":[{"taxonomy":"product_brand","embeddable":true,"href":"https:\/\/protectionik.com\/fr\/wp-json\/wp\/v2\/product_brand?post=511"},{"taxonomy":"product_cat","embeddable":true,"href":"https:\/\/protectionik.com\/fr\/wp-json\/wp\/v2\/product_cat?post=511"},{"taxonomy":"product_tag","embeddable":true,"href":"https:\/\/protectionik.com\/fr\/wp-json\/wp\/v2\/product_tag?post=511"}],"curies":[{"name":"wp","href":"https:\/\/api.w.org\/{rel}","templated":true}]}}