{"id":415,"date":"2025-09-15T13:12:48","date_gmt":"2025-09-15T11:12:48","guid":{"rendered":"https:\/\/protectionik.com\/prodotto\/rehausseur-pour-lave-linge-et-seche-linge-noir-mat\/"},"modified":"2025-12-06T13:02:51","modified_gmt":"2025-12-06T12:02:51","slug":"rehausseur-pour-lave-linge-et-seche-linge-noir-mat","status":"publish","type":"product","link":"https:\/\/protectionik.com\/fr\/prodotto\/rehausseur-pour-lave-linge-et-seche-linge-noir-mat\/","title":{"rendered":"Rehausseur pour lave-linge et s\u00e8che-linge (NOIR MAT)"},"content":{"rendered":"<p>Rehausseur pour lave-linge et s\u00e8che-linge, capacit\u00e9 de 200 kg, dimensions 61 cm x 61 cm x 43 cm h. Compatible avec les appareils \u00e9lectrom\u00e9nagers de base 60&#215;60 cm. Utilisable \u00e9galement pour les appareils \u00e9lectrom\u00e9nagers slim. Tr\u00e8s stable avec des pieds r\u00e9glables en hauteur et antid\u00e9rapants.   <\/p>\n<p>Produit PRATIQUE ET POLYVALENT, adapt\u00e9 \u00e0 diff\u00e9rentes tailles et mod\u00e8les de lave-linge et s\u00e8che-linge. Facile \u00e0 utiliser et \u00e0 installer, avec une hauteur r\u00e9glable. Avec des pieds en caoutchouc anti-vibrations.  <\/p>\n<p>Id\u00e9al pour AM\u00c9LIORER LA POSTURE lors du chargement et du d\u00e9chargement du linge, parfait pour ceux qui souffrent de maux de dos et pour ceux qui veulent simplement effectuer les t\u00e2ches m\u00e9nag\u00e8res de mani\u00e8re plus pratique et confortable.<\/p>\n<p>Permet d&rsquo;EXPLOITER AU MAXIMUM L&rsquo;ESPACE disponible et de faciliter le nettoyage, PLUS D&rsquo;HYGI\u00c8NE gr\u00e2ce \u00e0 l&rsquo;espace cr\u00e9\u00e9 sous l&rsquo;appareil \u00e9lectrom\u00e9nager, permettant ainsi de garder le sol propre.<\/p>\n<p>Le rehausseur est livr\u00e9 PR\u00caT \u00c0 L&rsquo;EMPLOI. Aucun montage n&rsquo;est n\u00e9cessaire, seulement le r\u00e9glage des pieds. Structure \u00e9lectro-soud\u00e9e tr\u00e8s robuste en acier peint capable de supporter jusqu&rsquo;\u00e0 200 kg. FIABILIT\u00c9 GARANTIE.   <\/p>\n<p>Il est fourni avec une cl\u00e9 pour le verrouillage des pieds et une sangle pour la fixation s\u00e9curis\u00e9e de l&rsquo;appareil \u00e9lectrom\u00e9nager au rehausseur.<\/p>\n","protected":false},"excerpt":{"rendered":"<p>Rehausseur pour lave-linge et s\u00e8che-linge, capacit\u00e9 de 200 kg, dimensions 61 cm x 61 cm x 43 cm h. Compatible avec les appareils \u00e9lectrom\u00e9nagers de base max. 60 x 60 cm.<br \/>\nIl est fourni avec une cl\u00e9 pour le verrouillage des pieds et une sangle pour la fixation s\u00e9curis\u00e9e de l&rsquo;appareil \u00e9lectrom\u00e9nager au rehausseur. <\/p>\n","protected":false},"featured_media":424,"comment_status":"closed","ping_status":"closed","template":"","meta":[],"product_brand":[],"product_cat":[53],"product_tag":[],"class_list":{"0":"post-415","1":"product","2":"type-product","3":"status-publish","4":"has-post-thumbnail","6":"product_cat-rehausseurs","8":"first","9":"instock","10":"shipping-taxable","11":"purchasable","12":"product-type-simple"},"jetpack_sharing_enabled":true,"_links":{"self":[{"href":"https:\/\/protectionik.com\/fr\/wp-json\/wp\/v2\/product\/415","targetHints":{"allow":["GET"]}}],"collection":[{"href":"https:\/\/protectionik.com\/fr\/wp-json\/wp\/v2\/product"}],"about":[{"href":"https:\/\/protectionik.com\/fr\/wp-json\/wp\/v2\/types\/product"}],"replies":[{"embeddable":true,"href":"https:\/\/protectionik.com\/fr\/wp-json\/wp\/v2\/comments?post=415"}],"wp:featuredmedia":[{"embeddable":true,"href":"https:\/\/protectionik.com\/fr\/wp-json\/wp\/v2\/media\/424"}],"wp:attachment":[{"href":"https:\/\/protectionik.com\/fr\/wp-json\/wp\/v2\/media?parent=415"}],"wp:term":[{"taxonomy":"product_brand","embeddable":true,"href":"https:\/\/protectionik.com\/fr\/wp-json\/wp\/v2\/product_brand?post=415"},{"taxonomy":"product_cat","embeddable":true,"href":"https:\/\/protectionik.com\/fr\/wp-json\/wp\/v2\/product_cat?post=415"},{"taxonomy":"product_tag","embeddable":true,"href":"https:\/\/protectionik.com\/fr\/wp-json\/wp\/v2\/product_tag?post=415"}],"curies":[{"name":"wp","href":"https:\/\/api.w.org\/{rel}","templated":true}]}}