{"id":348,"date":"2025-09-11T18:10:34","date_gmt":"2025-09-11T16:10:34","guid":{"rendered":"https:\/\/protectionik.com\/prodotto\/protectionik-blanc-mat-texture-effet-peau-dorange\/"},"modified":"2025-12-06T13:02:52","modified_gmt":"2025-12-06T12:02:52","slug":"protectionik-blanc-mat-texture-effet-peau-dorange","status":"publish","type":"product","link":"https:\/\/protectionik.com\/fr\/prodotto\/protectionik-blanc-mat-texture-effet-peau-dorange\/","title":{"rendered":"Protectionik Blanc mat textur\u00e9 (effet peau d&rsquo;orange)"},"content":{"rendered":"<h3>DESCRIPTION :<\/h3>\n<ul>\n<li>Dimensions : Base 61,4 cm x Hauteur 99 cm x Profondeur 26,6 cm<\/li>\n<li>Couverture maximale de la largeur de la vitre 53 cm<br \/>\n(distance entre un tube et l&rsquo;autre est de 3 cm)<\/li>\n<li>Poids 11,5 kg (convient aux po\u00eales ronds et carr\u00e9s)<\/li>\n<li>Protection pour po\u00eales pour \u00e9viter les br\u00fblures au contact de la vitre du po\u00eale ou de la chemin\u00e9e (UNIQUEMENT POUR LES PO\u00caLES \u00c0 GRANUL\u00c9S)<\/li>\n<li>Dimensions en cm 61,4L x 26,6P x 99H la distance entre un tube et l&rsquo;autre est de 3 cm<\/li>\n<li>Mat\u00e9riau acier peint BLANC MAT TEXTUR\u00c9<\/li>\n<li>Se tient debout seule et est d&rsquo;un seul bloc, Poids 11,5 kg (convient aux po\u00eales ronds et carr\u00e9s)<\/li>\n<li>Fourni avec un cordon r\u00e9sistant \u00e0 des temp\u00e9ratures jusqu&rsquo;\u00e0 500\u00b0 et des attaches rapides pour un retrait facile<\/li>\n<\/ul>\n","protected":false},"excerpt":{"rendered":"<p>Protectionik Blanc mat textur\u00e9 (effet peau d&rsquo;orange) est une protection pour po\u00eales \u00e0 pellets con\u00e7ue pour \u00e9viter les risques de br\u00fblures pour vos enfants et vos animaux domestiques.<br \/>\n<strong>Couleur :<\/strong> Blanc mat textur\u00e9 (effet peau d&rsquo;orange) RAL 9003<\/p>\n<h4 style=\"color:#C63636;\">UNIQUEMENT POUR LES PO\u00caLES \u00c0 GRANUL\u00c9S<\/h4>\n","protected":false},"featured_media":349,"comment_status":"open","ping_status":"closed","template":"","meta":[],"product_brand":[],"product_cat":[50],"product_tag":[],"class_list":{"0":"post-348","1":"product","2":"type-product","3":"status-publish","4":"has-post-thumbnail","6":"product_cat-protectionik","8":"first","9":"instock","10":"shipping-taxable","11":"purchasable","12":"product-type-simple"},"jetpack_sharing_enabled":true,"_links":{"self":[{"href":"https:\/\/protectionik.com\/fr\/wp-json\/wp\/v2\/product\/348","targetHints":{"allow":["GET"]}}],"collection":[{"href":"https:\/\/protectionik.com\/fr\/wp-json\/wp\/v2\/product"}],"about":[{"href":"https:\/\/protectionik.com\/fr\/wp-json\/wp\/v2\/types\/product"}],"replies":[{"embeddable":true,"href":"https:\/\/protectionik.com\/fr\/wp-json\/wp\/v2\/comments?post=348"}],"wp:featuredmedia":[{"embeddable":true,"href":"https:\/\/protectionik.com\/fr\/wp-json\/wp\/v2\/media\/349"}],"wp:attachment":[{"href":"https:\/\/protectionik.com\/fr\/wp-json\/wp\/v2\/media?parent=348"}],"wp:term":[{"taxonomy":"product_brand","embeddable":true,"href":"https:\/\/protectionik.com\/fr\/wp-json\/wp\/v2\/product_brand?post=348"},{"taxonomy":"product_cat","embeddable":true,"href":"https:\/\/protectionik.com\/fr\/wp-json\/wp\/v2\/product_cat?post=348"},{"taxonomy":"product_tag","embeddable":true,"href":"https:\/\/protectionik.com\/fr\/wp-json\/wp\/v2\/product_tag?post=348"}],"curies":[{"name":"wp","href":"https:\/\/api.w.org\/{rel}","templated":true}]}}