{"id":327,"date":"2025-09-13T00:18:28","date_gmt":"2025-09-12T22:18:28","guid":{"rendered":"https:\/\/protectionik.com\/couleurs\/"},"modified":"2025-09-23T15:40:53","modified_gmt":"2025-09-23T13:40:53","slug":"couleurs","status":"publish","type":"page","link":"https:\/\/protectionik.com\/fr\/couleurs\/","title":{"rendered":"Couleurs"},"content":{"rendered":"<h1>S\u00e9curit\u00e9 pour votre espace de vie<\/h1>\n<\/p>\n<p>\n Achetez maintenant <\/p>\n<h3>Disponible en quatre variantes de couleur :<\/h3>\n<ul>\n<li>\n<p>        <img decoding=\"async\" src=\"\/wp-content\/uploads\/bianco-satinato.jpg\" alt=\"\"><\/p>\n<h5>Blanc mat textur\u00e9 (Effet peau d&rsquo;orange)<\/h5>\n<\/li>\n<li>\n<p>        <img decoding=\"async\" src=\"\/wp-content\/uploads\/bianco-avorio.jpg\" alt=\"\"><\/p>\n<h5>Ivoire brillant<\/h5>\n<\/li>\n<li>\n<p>        <img decoding=\"async\" src=\"\/wp-content\/uploads\/nero-satinato.jpg\" alt=\"\"><\/p>\n<h5>Noir mat textur\u00e9 (Effet peau d&rsquo;orange)<\/h5>\n<\/li>\n<li>\n<p>        <img decoding=\"async\" src=\"\/wp-content\/uploads\/nero-lucido.jpg\" alt=\"\"><\/p>\n<h5>Noir brillant<\/h5>\n<\/li>\n<\/ul>\n<h3>La s\u00e9curit\u00e9 avec style<\/h3>\n<h5>Protectionik est n\u00e9 pour garantir la s\u00e9curit\u00e9 mais devient en m\u00eame temps un \u00e9l\u00e9ment d\u00e9coratif qui contribue \u00e0 augmenter le style et l&rsquo;\u00e9l\u00e9gance de votre espace de vie.<\/h5>\n<p><img decoding=\"async\" src=\"\/wp-content\/uploads\/color-detail.png\" alt=\"\"><\/p>\n<p><!--more--><br \/>\n<!-- {\"type\":\"layout\",\"children\":[{\"name\":\"TOP COLORI\",\"type\":\"section\",\"props\":{\"height\":\"viewport\",\"height_offset_top\":true,\"height_viewport\":80,\"image\":\"wp-content\\\/uploads\\\/03-slide-home-protectionik.jpg\",\"image_position\":\"center-center\",\"image_size\":\"cover\",\"style\":\"default\",\"title_breakpoint\":\"xl\",\"title_position\":\"top-left\",\"title_rotation\":\"left\",\"vertical_align\":\"middle\",\"width\":\"default\"},\"children\":[{\"type\":\"row\",\"children\":[{\"type\":\"column\",\"props\":{\"image_position\":\"center-center\",\"position_sticky_breakpoint\":\"m\",\"width_medium\":\"1-1\"},\"children\":[{\"type\":\"headline\",\"props\":{\"content\":\"Sicurezza per il tuo living\",\"maxwidth\":\"medium\",\"title_color\":\"danger\",\"title_element\":\"h1\",\"title_style\":\"heading-medium\"}},{\"type\":\"button\",\"props\":{\"grid_column_gap\":\"small\",\"grid_row_gap\":\"small\",\"margin\":\"default\"},\"children\":[{\"type\":\"button_item\",\"props\":{\"button_style\":\"primary\",\"content\":\"Acquista subito\",\"dialog_layout\":\"modal\",\"dialog_offcanvas_flip\":true,\"icon\":\"cart\",\"icon_align\":\"left\"}}]}]}]}]},{\"name\":\"PALETTE COLORI\",\"type\":\"section\",\"props\":{\"image_position\":\"center-center\",\"style\":\"primary\",\"title_breakpoint\":\"xl\",\"title_position\":\"top-left\",\"title_rotation\":\"left\",\"vertical_align\":\"\",\"width\":\"default\"},\"children\":[{\"type\":\"row\",\"children\":[{\"type\":\"column\",\"props\":{\"image_position\":\"center-center\",\"position_sticky_breakpoint\":\"m\",\"width_medium\":\"1-1\"},\"children\":[{\"type\":\"headline\",\"props\":{\"content\":\"Disponibile in quattro varianti di colore:\",\"text_align\":\"center\",\"title_element\":\"h3\",\"title_style\":\"h3\"}},{\"type\":\"grid\",\"props\":{\"content_column_breakpoint\":\"m\",\"filter_align\":\"left\",\"filter_all\":true,\"filter_grid_breakpoint\":\"m\",\"filter_grid_width\":\"auto\",\"filter_position\":\"top\",\"filter_style\":\"tab\",\"grid_default\":\"1\",\"grid_medium\":\"4\",\"grid_small\":\"2\",\"icon_width\":80,\"image_align\":\"top\",\"image_border\":\"circle\",\"image_grid_breakpoint\":\"m\",\"image_grid_width\":\"1-2\",\"image_svg_color\":\"emphasis\",\"item_animation\":true,\"lightbox\":true,\"lightbox_bg_close\":true,\"link_style\":\"default\",\"link_text\":\"\",\"margin\":\"default\",\"meta_align\":\"below-title\",\"meta_element\":\"div\",\"meta_style\":\"text-meta\",\"panel_link\":true,\"show_content\":false,\"show_hover_image\":true,\"show_hover_video\":true,\"show_image\":true,\"show_link\":true,\"show_meta\":false,\"show_title\":true,\"show_video\":true,\"text_align\":\"center\",\"title_align\":\"top\",\"title_element\":\"h5\",\"title_grid_breakpoint\":\"m\",\"title_grid_width\":\"1-2\",\"title_hover_style\":\"reset\",\"title_style\":\"h5\"},\"children\":[{\"type\":\"grid_item\",\"props\":{\"image\":\"wp-content\\\/uploads\\\/bianco-satinato.jpg\",\"title\":\"Bianco Opaco Testurizzato (Effetto buccia d'arancia)\"}},{\"type\":\"grid_item\",\"props\":{\"image\":\"wp-content\\\/uploads\\\/bianco-avorio.jpg\",\"title\":\"Avorio Lucido\"}},{\"type\":\"grid_item\",\"props\":{\"image\":\"wp-content\\\/uploads\\\/nero-satinato.jpg\",\"title\":\"Nero Opaco Testurizzato (Effetto buccia d'arancia)\"}},{\"type\":\"grid_item\",\"props\":{\"image\":\"wp-content\\\/uploads\\\/nero-lucido.jpg\",\"title\":\"Nero Lucido\"}}]}]}]}]},{\"name\":\"SICUREZZA MA CON STILE\",\"type\":\"section\",\"props\":{\"image_position\":\"center-center\",\"style\":\"default\",\"title_breakpoint\":\"xl\",\"title_position\":\"top-left\",\"title_rotation\":\"left\",\"vertical_align\":\"\",\"width\":\"default\"},\"children\":[{\"type\":\"row\",\"children\":[{\"type\":\"column\",\"props\":{\"image_position\":\"center-center\",\"position_sticky_breakpoint\":\"m\",\"width_medium\":\"1-1\"},\"children\":[{\"type\":\"headline\",\"props\":{\"content\":\"Sicurezza ma con stile\",\"text_align\":\"center\",\"title_element\":\"h3\",\"title_style\":\"h3\"}},{\"type\":\"headline\",\"props\":{\"content\":\"Protectionik \\u00e8 nato per garantire sicurezza ma nello stesso tempo diventa un complemento d'arredo che contribuisce a incrementare lo stile e l'eleganza della vostra zona living.\",\"text_align\":\"center\",\"title_element\":\"h5\",\"title_style\":\"h5\"}},{\"type\":\"image\",\"props\":{\"image\":\"wp-content\\\/uploads\\\/color-detail.png\",\"image_svg_color\":\"emphasis\",\"margin\":\"default\"}}]}]}]}],\"version\":\"4.5.28\"} --><\/p>\n","protected":false},"excerpt":{"rendered":"<p>S\u00e9curit\u00e9 pour votre espace de vie Achetez maintenant Disponible en quatre variantes de couleur : Blanc mat textur\u00e9 (Effet peau d&rsquo;orange) Ivoire brillant Noir mat textur\u00e9 (Effet peau d&rsquo;orange) Noir brillant La s\u00e9curit\u00e9 avec style Protectionik est n\u00e9 pour garantir la s\u00e9curit\u00e9 mais devient en m\u00eame temps un \u00e9l\u00e9ment d\u00e9coratif qui contribue \u00e0 augmenter le [&hellip;]<\/p>\n","protected":false},"author":1,"featured_media":0,"parent":0,"menu_order":0,"comment_status":"closed","ping_status":"closed","template":"","meta":{"footnotes":""},"class_list":["post-327","page","type-page","status-publish","hentry"],"jetpack_sharing_enabled":true,"_links":{"self":[{"href":"https:\/\/protectionik.com\/fr\/wp-json\/wp\/v2\/pages\/327","targetHints":{"allow":["GET"]}}],"collection":[{"href":"https:\/\/protectionik.com\/fr\/wp-json\/wp\/v2\/pages"}],"about":[{"href":"https:\/\/protectionik.com\/fr\/wp-json\/wp\/v2\/types\/page"}],"author":[{"embeddable":true,"href":"https:\/\/protectionik.com\/fr\/wp-json\/wp\/v2\/users\/1"}],"replies":[{"embeddable":true,"href":"https:\/\/protectionik.com\/fr\/wp-json\/wp\/v2\/comments?post=327"}],"version-history":[{"count":2,"href":"https:\/\/protectionik.com\/fr\/wp-json\/wp\/v2\/pages\/327\/revisions"}],"predecessor-version":[{"id":572,"href":"https:\/\/protectionik.com\/fr\/wp-json\/wp\/v2\/pages\/327\/revisions\/572"}],"wp:attachment":[{"href":"https:\/\/protectionik.com\/fr\/wp-json\/wp\/v2\/media?parent=327"}],"curies":[{"name":"wp","href":"https:\/\/api.w.org\/{rel}","templated":true}]}}