{"id":317,"date":"2025-09-13T00:12:10","date_gmt":"2025-09-12T22:12:10","guid":{"rendered":"https:\/\/protectionik.com\/description\/"},"modified":"2025-09-26T17:21:09","modified_gmt":"2025-09-26T15:21:09","slug":"description","status":"publish","type":"page","link":"https:\/\/protectionik.com\/fr\/description\/","title":{"rendered":"Description"},"content":{"rendered":"<h1>Protectionik<br \/>\nDescription<\/h1>\n<p><p>\n        <a href=\"https:\/\/protectionik.com\/fr\/boutique\/\">Aller \u00e0 l&rsquo;achat<\/a>\n    <\/p>\n<\/p>\n<h2>Grille de protection pour po\u00eales.<\/h2>\n<div>\n<p style=\"text-align: justify;\">Plus de 783.000 accidents domestiques se produisent chaque ann\u00e9e. Prot\u00e9gez votre foyer avec \u00ab\u00a0Protectionik\u00a0\u00bb, la grille de protection pour po\u00eales \u00e0 bois et \u00e0 pellets. Protectionik est la solution id\u00e9ale pour pr\u00e9venir les risques de la chaleur et de brulures m\u00eame tr\u00e8s graves provoqu\u00e9s par la haute temp\u00e9rature du verre de votre po\u00eale. Une petite distraction peut entra\u00eener des dommages graves et permanents. Donc, il faut dire stop \u00e0 ces accidents, lourds de cons\u00e9quences, qui touchent chaque ann\u00e9e nos enfants et nos compagnons.<br \/>\nLe moment est venu de monter une grille Protectionik, le syst\u00e8me brevet\u00e9 qui \u00e9vite le contact avec le verre de la po\u00eale et qui, gr\u00e2ce \u00e0 son exclusive conception ergonomique, \u00e9vite toute surchauffe.<br \/>\nProtectionik a \u00e9t\u00e9 con\u00e7u pour assurer la s\u00e9curit\u00e9 mais \u00e0 la fois c\u2019est un \u00e9l\u00e9ment de d\u00e9coration qui enrichit le style et l&rsquo;\u00e9l\u00e9gance de votre salon.<br \/>\nSa structure est robuste et r\u00e9alis\u00e9e en acier \u00e9lectro soud\u00e9, un mat\u00e9riau r\u00e9sistant aux chocs et facile \u00e0 nettoyer.<br \/>\nIl est fourni avec son syst\u00e8me de s\u00e9curit\u00e9 r\u00e9sistant jusqu\u2019\u00e0 une temp\u00e9rature de 500\u00a0; il est dot\u00e9 de raccords rapides pour \u00eatre promptement enlev\u00e9. Protectionik est peint aux poudres, ce qui assure un excellent r\u00e9sultat esth\u00e9tique vu son traitement anti-rayures.\n<\/p>\n<\/div>\n<h2><span id=\"result_box\" class=\"short_text\" lang=\"fr\" tabindex=\"-1\"><span class=\"\">Dimensions<\/span><\/span><\/h2>\n<hr>\n<div>\n<div class=\"uk-margin uk-width-medium uk-text-large\" data-id=\"page#16\">\n<p>Dimensions:<br \/>Base<strong> 61,4 cm.<br \/><\/strong><span id=\"result_box\" class=\"short_text\" lang=\"fr\"><span class=\"\">Hauteur<\/span><\/span> <strong>99 cm.<br \/><\/strong><span id=\"result_box\" class=\"short_text\" lang=\"fr\"><span class=\"\">Profondeur <\/span><\/span><strong>26,6 cm.<br \/><\/strong><span id=\"result_box\" class=\"short_text\" lang=\"fr\"><span class=\"\">Couverture maximale<br \/>de la largeur du verre<\/span><\/span><strong> 53 cm.<br \/><\/strong>( distance entre les tubes : 3cm )<strong><br \/><\/strong><\/p>\n<p><strong>Poids 11.5kg<br \/><\/strong>(adapt\u00e9 aux po\u00eales<br \/> rondes et carr\u00e9es)<strong><br \/><\/strong><\/p>\n<\/div>\n<\/div>\n<p><!--more--><br \/>\n<!-- {\"type\":\"layout\",\"children\":[{\"type\":\"section\",\"props\":{\"height\":\"viewport\",\"height_offset_top\":true,\"height_viewport\":80,\"image\":\"wp-content\\\/uploads\\\/04-slide-descrizione-protectionik.jpg\",\"image_position\":\"center-center\",\"image_size\":\"cover\",\"style\":\"default\",\"title_breakpoint\":\"xl\",\"title_position\":\"top-left\",\"title_rotation\":\"left\",\"vertical_align\":\"middle\",\"width\":\"default\"},\"children\":[{\"type\":\"row\",\"children\":[{\"type\":\"column\",\"props\":{\"image_position\":\"center-center\",\"position_sticky_breakpoint\":\"m\",\"width_medium\":\"1-1\"},\"children\":[{\"type\":\"headline\",\"props\":{\"animation\":\"parallax\",\"content\":\"Protectionik<br \/>\\nDescription\",\"margin\":\"small\",\"margin_remove_bottom\":false,\"margin_remove_top\":false,\"maxwidth\":\"large\",\"parallax_breakpoint\":\"s\",\"parallax_easing\":\"1\",\"parallax_y\":\"0,-50\",\"text_align\":\"left\",\"title_color\":\"danger\",\"title_element\":\"h1\",\"title_style\":\"heading-medium\"}},{\"type\":\"button\",\"props\":{\"animation\":\"parallax\",\"button_size\":\"large\",\"grid_column_gap\":\"small\",\"grid_row_gap\":\"small\",\"margin\":\"default\",\"parallax_breakpoint\":\"s\",\"parallax_easing\":\"1\",\"parallax_y\":\"0,-50\"},\"children\":[{\"type\":\"button_item\",\"props\":{\"button_style\":\"primary\",\"content\":\"Aller \\u00e0 l'achat\",\"dialog_layout\":\"modal\",\"dialog_offcanvas_flip\":true,\"icon\":\"cart\",\"icon_align\":\"left\",\"link\":\"fr\\\/boutique\\\/\"}}]}]}]}]},{\"name\":\"Featured Projects\",\"type\":\"section\",\"props\":{\"animation\":\"fade\",\"image_position\":\"center-center\",\"image_size\":\"cover\",\"padding\":\"large\",\"style\":\"default\",\"title_breakpoint\":\"xl\",\"title_position\":\"top-left\",\"title_rotation\":\"left\",\"vertical_align\":\"\",\"width\":\"default\"},\"children\":[{\"type\":\"row\",\"props\":{\"column_gap\":\"medium\",\"row_gap\":\"medium\"},\"children\":[{\"type\":\"column\",\"props\":{\"image_position\":\"center-center\",\"position_sticky_breakpoint\":\"m\",\"width_medium\":\"1-1\"},\"children\":[{\"type\":\"headline\",\"props\":{\"animation\":\"parallax\",\"content\":\"Grille de protection pour po\\u00eales.\",\"parallax_breakpoint\":\"m\",\"parallax_easing\":\"1\",\"parallax_y\":\"0,-50\",\"text_align\":\"center\",\"title_element\":\"h2\",\"title_style\":\"heading-small\"}},{\"type\":\"text\",\"props\":{\"column\":\"1-2\",\"column_breakpoint\":\"m\",\"content\":\"\n\n<p style=\\\"text-align: justify;\\\">Plus de 783.000 accidents domestiques se produisent chaque ann\\u00e9e. Prot\\u00e9gez votre foyer avec \\u00ab\\u00a0Protectionik\\u00a0\\u00bb, la grille de protection pour po\\u00eales \\u00e0 bois et \\u00e0 pellets. Protectionik est la solution id\\u00e9ale pour pr\\u00e9venir les risques de la chaleur et de brulures m\\u00eame tr\\u00e8s graves provoqu\\u00e9s par la haute temp\\u00e9rature du verre de votre po\\u00eale. Une petite distraction peut entra\\u00eener des dommages graves et permanents. Donc, il faut dire stop \\u00e0 ces accidents, lourds de cons\\u00e9quences, qui touchent chaque ann\\u00e9e nos enfants et nos compagnons. \\nLe moment est venu de monter une grille Protectionik, le syst\\u00e8me brevet\\u00e9 qui \\u00e9vite le contact avec le verre de la po\\u00eale et qui, gr\\u00e2ce \\u00e0 son exclusive conception ergonomique, \\u00e9vite toute surchauffe.\\nProtectionik a \\u00e9t\\u00e9 con\\u00e7u pour assurer la s\\u00e9curit\\u00e9 mais \\u00e0 la fois c\\u2019est un \\u00e9l\\u00e9ment de d\\u00e9coration qui enrichit le style et l'\\u00e9l\\u00e9gance de votre salon.\\nSa structure est robuste et r\\u00e9alis\\u00e9e en acier \\u00e9lectro soud\\u00e9, un mat\\u00e9riau r\\u00e9sistant aux chocs et facile \\u00e0 nettoyer.\\nIl est fourni avec son syst\\u00e8me de s\\u00e9curit\\u00e9 r\\u00e9sistant jusqu\\u2019\\u00e0 une temp\\u00e9rature de 500\\u00a0; il est dot\\u00e9 de raccords rapides pour \\u00eatre promptement enlev\\u00e9. Protectionik est peint aux poudres, ce qui assure un excellent r\\u00e9sultat esth\\u00e9tique vu son traitement anti-rayures.\\n<\\\/p>\",\"dropcap\":true,\"margin\":\"default\"}}]}]}]},{\"name\":\"Product\",\"type\":\"section\",\"props\":{\"height_viewport\":true,\"image\":\"wp-content\\\/uploads\\\/description-product.png\",\"image_effect\":\"parallax\",\"image_height\":\"1000\",\"image_parallax\":-250,\"image_parallax_bgy\":\"150,0\",\"image_parallax_breakpoint\":\"m\",\"image_parallax_easing\":\"1\",\"image_position\":\"center-right\",\"image_width\":\"900\",\"media_visibility\":\"s\",\"overlap\":false,\"padding\":\"xlarge\",\"padding_remove_bottom\":false,\"padding_remove_top\":false,\"style\":\"muted\",\"title_breakpoint\":\"xl\",\"title_position\":\"top-left\",\"title_rotation\":\"left\",\"vertical_align\":\"\",\"width\":\"default\"},\"children\":[{\"type\":\"row\",\"props\":{\"column_gap\":\"collapse\",\"divider\":false,\"margin\":\"remove-vertical\",\"row_gap\":\"collapse\"},\"children\":[{\"type\":\"column\",\"props\":{\"image_position\":\"center-center\",\"position_sticky_breakpoint\":\"m\",\"width_medium\":\"1-1\"},\"children\":[{\"type\":\"headline\",\"props\":{\"content\":\"<span id=\\\"result_box\\\" class=\\\"short_text\\\" lang=\\\"fr\\\" tabindex=\\\"-1\\\"><span class=\\\"\\\">Dimensions<\\\/span><\\\/span>\",\"margin\":\"small\",\"title_element\":\"h2\",\"title_style\":\"heading-small\"}},{\"type\":\"divider\",\"props\":{\"divider_element\":\"hr\",\"divider_style\":\"small\"}},{\"type\":\"text\",\"props\":{\"column_breakpoint\":\"m\",\"column_divider\":false,\"content\":\"\n\n<div class=\\\"uk-margin uk-width-medium uk-text-large\\\" data-id=\\\"page#16\\\">\\n\n\n<p>Dimensions:<br \\\/>Base<strong> 61,4 cm.<br \\\/><\\\/strong><span id=\\\"result_box\\\" class=\\\"short_text\\\" lang=\\\"fr\\\"><span class=\\\"\\\">Hauteur<\\\/span><\\\/span> <strong>99 cm.<br \\\/><\\\/strong><span id=\\\"result_box\\\" class=\\\"short_text\\\" lang=\\\"fr\\\"><span class=\\\"\\\">Profondeur <\\\/span><\\\/span><strong>26,6 cm.<br \\\/><\\\/strong><span id=\\\"result_box\\\" class=\\\"short_text\\\" lang=\\\"fr\\\"><span class=\\\"\\\">Couverture maximale<br \\\/>de la largeur du verre<\\\/span><\\\/span><strong> 53 cm.<br \\\/><\\\/strong>( distance entre les tubes : 3cm )<strong><br \\\/><\\\/strong><\\\/p>\\n\n\n<p><strong>Poids 11.5kg<br \\\/><\\\/strong>(adapt\\u00e9 aux po\\u00eales<br \\\/> rondes et carr\\u00e9es)<strong><br \\\/><\\\/strong><\\\/p>\\n<\\\/div>\",\"dropcap\":false,\"margin\":\"default\",\"maxwidth\":\"medium\",\"text_style\":\"large\"}}]}]}]}],\"version\":\"4.5.28\"} --><\/p>\n","protected":false},"excerpt":{"rendered":"<p>Protectionik Description Aller \u00e0 l&rsquo;achat Grille de protection pour po\u00eales. Plus de 783.000 accidents domestiques se produisent chaque ann\u00e9e. Prot\u00e9gez votre foyer avec \u00ab\u00a0Protectionik\u00a0\u00bb, la grille de protection pour po\u00eales \u00e0 bois et \u00e0 pellets. Protectionik est la solution id\u00e9ale pour pr\u00e9venir les risques de la chaleur et de brulures m\u00eame tr\u00e8s graves provoqu\u00e9s par [&hellip;]<\/p>\n","protected":false},"author":1,"featured_media":0,"parent":0,"menu_order":0,"comment_status":"closed","ping_status":"closed","template":"","meta":{"footnotes":""},"class_list":["post-317","page","type-page","status-publish","hentry"],"jetpack_sharing_enabled":true,"_links":{"self":[{"href":"https:\/\/protectionik.com\/fr\/wp-json\/wp\/v2\/pages\/317","targetHints":{"allow":["GET"]}}],"collection":[{"href":"https:\/\/protectionik.com\/fr\/wp-json\/wp\/v2\/pages"}],"about":[{"href":"https:\/\/protectionik.com\/fr\/wp-json\/wp\/v2\/types\/page"}],"author":[{"embeddable":true,"href":"https:\/\/protectionik.com\/fr\/wp-json\/wp\/v2\/users\/1"}],"replies":[{"embeddable":true,"href":"https:\/\/protectionik.com\/fr\/wp-json\/wp\/v2\/comments?post=317"}],"version-history":[{"count":3,"href":"https:\/\/protectionik.com\/fr\/wp-json\/wp\/v2\/pages\/317\/revisions"}],"predecessor-version":[{"id":584,"href":"https:\/\/protectionik.com\/fr\/wp-json\/wp\/v2\/pages\/317\/revisions\/584"}],"wp:attachment":[{"href":"https:\/\/protectionik.com\/fr\/wp-json\/wp\/v2\/media?parent=317"}],"curies":[{"name":"wp","href":"https:\/\/api.w.org\/{rel}","templated":true}]}}