{"id":298,"date":"2025-09-12T18:45:57","date_gmt":"2025-09-12T16:45:57","guid":{"rendered":"https:\/\/protectionik.com\/accueil\/"},"modified":"2025-12-07T20:24:41","modified_gmt":"2025-12-07T19:24:41","slug":"accueil","status":"publish","type":"page","link":"https:\/\/protectionik.com\/fr\/","title":{"rendered":"Accueil"},"content":{"rendered":"<div>Fini les dangereux accidents domestiques !<\/div>\n<h1>Prot\u00e9ger est votre choix.<\/h1>\n<h1>Grille de protection pour po\u00eales.<\/h1>\n<\/p>\n<p>\n        <a href=\"https:\/\/protectionik.com\/descrizione\/\">En savoir plus<\/a>\n    <\/p>\n<div>\n<h3 style=\"text-align: center;\"><strong>Sur la page ACHETER , vous pouvez \u00e9galement trouver d&rsquo;autres produits de la gamme Protectionik<\/strong><\/h3>\n<\/div>\n<h5>Chaque ann\u00e9e, plus de 783 000 accidents domestiques se produisent.<br \/>Prot\u00e9gez votre tranquillit\u00e9 d&rsquo;esprit avec Protectionik, la grille de protection pour votre po\u00eale \u00e0 bois ou \u00e0 pellets.<\/h5>\n<h1>Protectionik est la solution id\u00e9ale<\/h1>\n<h5>pour pr\u00e9venir le risque de br\u00fblures, m\u00eame tr\u00e8s graves, caus\u00e9es par la temp\u00e9rature \u00e9lev\u00e9e de la vitre de votre po\u00eale.<\/h5>\n<p><iframe src=\"https:\/\/www.youtube.com\/watch?v=asbjJjQUAyY\"><\/iframe><\/p>\n<p>\n        <a href=\"\/it\/acquista\">Achetez-le maintenant<\/a>\n    <\/p>\n<\/p>\n<p>\n        <a href=\"https:\/\/protectionik.com\/colori\/\">D\u00e9couvrez les couleurs<\/a>\n    <\/p>\n<\/p>\n<p>\n        <a href=\"https:\/\/protectionik.com\/colori\/\">D\u00e9couvrez les couleurs<\/a>\n    <\/p>\n<h2>Grille de protection pour po\u00eales.<\/h2>\n<h4>Le moment est venu d&rsquo;installer une Protectionik, le syst\u00e8me brevet\u00e9 qui, en plus d&rsquo;\u00e9viter le contact avec la vitre du po\u00eale, ne surchauffe pas, gr\u00e2ce \u00e0 sa construction ergonomique exclusive.<\/h4>\n<ul>\n<li>\n<p>        <img decoding=\"async\" src=\"\/wp-content\/uploads\/01-dettail.jpg\" alt=\"\"><\/p>\n<h3>01-d\u00e9tail<\/h3>\n<\/li>\n<li>\n<p>        <img decoding=\"async\" src=\"\/wp-content\/uploads\/02-dettail.jpg\" alt=\"\"><\/p>\n<h3>02-d\u00e9tail<\/h3>\n<\/li>\n<li>\n<p>        <img decoding=\"async\" src=\"\/wp-content\/uploads\/03-dettail.jpg\" alt=\"\"><\/p>\n<h3>03-d\u00e9tail<\/h3>\n<\/li>\n<li>\n<p>        <img decoding=\"async\" src=\"\/wp-content\/uploads\/04-dettail.jpg\" alt=\"\"><\/p>\n<h3>04-d\u00e9tail<\/h3>\n<\/li>\n<\/ul>\n<h1>Le montage est tr\u00e8s simple.<\/h1>\n<\/p>\n<p>\n        <a href=\"https:\/\/protectionik.com\/installazione\/\">D\u00e9couvrez les d\u00e9tails<\/a>\n    <\/p>\n<p><!--more--><br \/>\n<!-- {\"type\":\"layout\",\"children\":[{\"name\":\"SLIDE HOME GENERICO\",\"type\":\"section\",\"props\":{\"animation\":\"fade\",\"height\":\"viewport\",\"height_offset_top\":true,\"height_viewport\":true,\"image\":\"wp-content\\\/uploads\\\/01-slide-home-protectionik.jpg\",\"image_effect\":\"parallax\",\"image_parallax\":-540,\"image_parallax_bgy\":\"70,-70\",\"image_parallax_breakpoint\":\"m\",\"image_parallax_easing\":\"1\",\"image_position\":\"center-center\",\"image_size\":\"cover\",\"overlap\":false,\"padding_remove_bottom\":false,\"padding_remove_top\":false,\"style\":\"default\",\"text_color\":\"light\",\"title_breakpoint\":\"xl\",\"title_position\":\"top-left\",\"title_rotation\":\"left\",\"vertical_align\":\"middle\",\"width\":\"default\"},\"children\":[{\"type\":\"row\",\"props\":{\"column_gap\":\"small\",\"divider\":false,\"margin\":\"remove-vertical\",\"row_gap\":\"small\",\"width\":\"small\"},\"children\":[{\"type\":\"column\",\"props\":{\"image\":\"wp-content\\\/uploads\\\/sfondo-top.png\",\"image_position\":\"center-center\",\"image_size\":\"cover\",\"position_sticky_breakpoint\":\"m\",\"width_medium\":\"1-1\"},\"children\":[{\"type\":\"headline\",\"props\":{\"animation\":\"parallax\",\"block_align\":\"center\",\"content\":\"Basta pericolosi incidenti domestici!\",\"margin\":\"remove-vertical\",\"margin_remove_bottom\":false,\"margin_remove_top\":false,\"maxwidth\":\"2xlarge\",\"parallax_breakpoint\":\"s\",\"parallax_easing\":\"1\",\"parallax_y\":\"0,-50\",\"text_align\":\"center\",\"title_element\":\"div\",\"title_style\":\"h3\"}},{\"type\":\"headline\",\"props\":{\"animation\":\"parallax\",\"block_align\":\"center\",\"content\":\"Proteggere \\u00e8 una tua scelta.\",\"margin\":\"small\",\"margin_remove_bottom\":false,\"margin_remove_top\":false,\"maxwidth\":\"2xlarge\",\"parallax_breakpoint\":\"s\",\"parallax_easing\":\"1\",\"parallax_y\":\"0,-50\",\"text_align\":\"center\",\"title_decoration\":\"divider\",\"title_element\":\"h1\",\"title_style\":\"h1\"}},{\"type\":\"headline\",\"props\":{\"block_align\":\"center\",\"content\":\"Griglia protettiva per stufe.\",\"margin\":\"small\",\"maxwidth\":\"2xlarge\",\"text_align\":\"center\",\"title_element\":\"h1\"}},{\"type\":\"button\",\"props\":{\"animation\":\"parallax\",\"button_size\":\"large\",\"grid_column_gap\":\"small\",\"grid_row_gap\":\"small\",\"margin\":\"default\",\"parallax_breakpoint\":\"s\",\"parallax_easing\":\"1\",\"parallax_y\":\"0,-50\",\"text_align\":\"center\"},\"children\":[{\"type\":\"button_item\",\"props\":{\"button_style\":\"default\",\"content\":\"Scopri di pi\\u00f9\",\"dialog_layout\":\"modal\",\"dialog_offcanvas_flip\":true,\"icon_align\":\"left\",\"link\":\"it\\\/descrizione\"}}]},{\"type\":\"text\",\"props\":{\"column_breakpoint\":\"m\",\"content\":\"\n\n<h3 style=\\\"text-align: center;\\\"><strong>Nella pagina ACQUISTA puoi trovare anche altri prodotti della linea Protectionik<\\\/strong><\\\/h3>\",\"margin\":\"default\"}}]}]}]},{\"name\":\"TESTO INTRO\",\"type\":\"section\",\"props\":{\"image_position\":\"center-center\",\"style\":\"default\",\"title_breakpoint\":\"xl\",\"title_position\":\"top-left\",\"title_rotation\":\"left\",\"vertical_align\":\"\",\"width\":\"default\"},\"children\":[{\"type\":\"row\",\"children\":[{\"type\":\"column\",\"props\":{\"image_position\":\"center-center\",\"position_sticky_breakpoint\":\"m\",\"width_medium\":\"1-1\"},\"children\":[{\"type\":\"headline\",\"props\":{\"content\":\"Ogni anno, si verificano oltre 783mila incidenti domestici.<br \/>Proteggi la tua serenit\\u00e0 con Protectionik, la griglia protettiva per la tua stufa a legna o pellet.\",\"margin\":\"small\",\"text_align\":\"center\",\"title_element\":\"h5\",\"title_style\":\"h5\"}},{\"type\":\"headline\",\"props\":{\"content\":\"Protectionik \\u00e8 la soluzione ideale\",\"text_align\":\"center\",\"title_color\":\"danger\",\"title_element\":\"h1\"}},{\"type\":\"headline\",\"props\":{\"content\":\"per prevenire il rischio di ustioni e scottature anche molto gravi causate dall\\u2019elevata temperatura del vetro della tua stufa.\",\"text_align\":\"center\",\"title_element\":\"h5\",\"title_style\":\"h5\"}},{\"type\":\"video\",\"props\":{\"block_align\":\"center\",\"margin\":\"default\",\"text_align\":\"center\",\"video\":\"https:\\\/\\\/www.youtube.com\\\/watch?v=asbjJjQUAyY\",\"video_box_decoration\":\"shadow\",\"video_box_shadow_bottom\":true,\"video_controls\":true,\"video_height\":\"600\",\"video_width\":\"1240\"}},{\"type\":\"button\",\"props\":{\"grid_column_gap\":\"small\",\"grid_row_gap\":\"small\",\"margin\":\"default\",\"text_align\":\"center\"},\"children\":[{\"type\":\"button_item\",\"props\":{\"button_style\":\"default\",\"content\":\"Acquistalo Subito\",\"dialog_layout\":\"modal\",\"dialog_offcanvas_flip\":true,\"icon\":\"cart\",\"icon_align\":\"left\",\"link\":\"it\\\/acquista\"}}]}]}]}]},{\"name\":\"COLORI GRIGLIE\",\"type\":\"section\",\"props\":{\"animation\":\"slide-top-small\",\"height_viewport\":false,\"image_position\":\"center-center\",\"image_size\":\"cover\",\"padding\":\"none\",\"padding_remove_top\":false,\"style\":\"default\",\"title_breakpoint\":\"xl\",\"title_position\":\"top-left\",\"title_rotation\":\"left\",\"vertical_align\":\"\",\"width\":\"\"},\"children\":[{\"type\":\"row\",\"props\":{\"column_gap\":\"collapse\",\"layout\":\"1-2,1-2\",\"margin\":\"small\",\"row_gap\":\"collapse\"},\"children\":[{\"type\":\"column\",\"props\":{\"image\":\"wp-content\\\/uploads\\\/protectionik-home-white.jpg\",\"image_height\":\"470\",\"image_position\":\"center-right\",\"image_size\":\"contain\",\"image_width\":\"700\",\"padding\":\"large\",\"position_sticky_breakpoint\":\"m\",\"preserve_color\":false,\"style\":\"tile-primary\",\"width_medium\":\"1-2\"},\"children\":[{\"type\":\"button\",\"props\":{\"animation\":\"parallax\",\"block_align\":\"center\",\"grid_column_gap\":\"small\",\"grid_row_gap\":\"small\",\"margin\":\"remove-vertical\",\"maxwidth\":\"2xlarge\",\"parallax_breakpoint\":\"m\",\"parallax_easing\":\"1\",\"parallax_y\":\"0,-50\"},\"children\":[{\"type\":\"button_item\",\"props\":{\"button_style\":\"default\",\"content\":\"Scopri i Colori\",\"dialog_layout\":\"modal\",\"dialog_offcanvas_flip\":true,\"icon_align\":\"left\",\"link\":\"it\\\/colori\"}}]}]},{\"type\":\"column\",\"props\":{\"image\":\"wp-content\\\/uploads\\\/protectionik-home-black.jpg\",\"image_height\":\"470\",\"image_position\":\"center-right\",\"image_size\":\"contain\",\"image_width\":\"700\",\"padding\":\"large\",\"position_sticky_breakpoint\":\"m\",\"preserve_color\":false,\"style\":\"tile-secondary\",\"width_medium\":\"1-2\"},\"children\":[{\"type\":\"button\",\"props\":{\"animation\":\"parallax\",\"block_align\":\"center\",\"grid_column_gap\":\"small\",\"grid_row_gap\":\"small\",\"margin\":\"remove-vertical\",\"maxwidth\":\"2xlarge\",\"parallax_breakpoint\":\"m\",\"parallax_easing\":\"1\",\"parallax_y\":\"0,-50\"},\"children\":[{\"type\":\"button_item\",\"props\":{\"button_style\":\"default\",\"content\":\"Scopri i Colori\",\"dialog_layout\":\"modal\",\"dialog_offcanvas_flip\":true,\"icon_align\":\"left\",\"link\":\"it\\\/colori\"}}]}]}]}]},{\"name\":\"Featured Projects\",\"type\":\"section\",\"props\":{\"animation\":\"fade\",\"image_position\":\"center-center\",\"image_size\":\"cover\",\"padding\":\"large\",\"padding_remove_bottom\":false,\"style\":\"default\",\"title_breakpoint\":\"xl\",\"title_position\":\"top-left\",\"title_rotation\":\"left\",\"vertical_align\":\"\",\"width\":\"default\"},\"children\":[{\"type\":\"row\",\"props\":{\"column_gap\":\"medium\",\"row_gap\":\"medium\"},\"children\":[{\"type\":\"column\",\"props\":{\"image_position\":\"center-center\",\"position_sticky_breakpoint\":\"m\",\"width_medium\":\"1-1\"},\"children\":[{\"type\":\"headline\",\"props\":{\"animation\":\"parallax\",\"content\":\"Griglia protettiva per stufe.\",\"parallax_breakpoint\":\"m\",\"parallax_easing\":\"1\",\"parallax_y\":\"0,-50\",\"text_align\":\"center\",\"title_element\":\"h2\",\"title_style\":\"h1\"}},{\"type\":\"headline\",\"props\":{\"content\":\"E\\u2019 arrivato il momento di installare una Protectionik, il sistema brevettato che oltre ad evitare il contatto con il vetro della stufa non si surriscalda, grazie alla sua esclusiva costruzione ergonomica.\",\"text_align\":\"center\",\"title_element\":\"h4\",\"title_style\":\"h4\"}}]}]},{\"type\":\"row\",\"props\":{\"column_gap\":\"small\",\"margin\":\"default\",\"row_gap\":\"small\",\"width\":\"default\"},\"children\":[{\"type\":\"column\",\"props\":{\"image_position\":\"center-center\",\"position_sticky_breakpoint\":\"m\",\"width_medium\":\"1-1\"},\"children\":[{\"type\":\"gallery\",\"props\":{\"filter_align\":\"left\",\"filter_all\":true,\"filter_grid_breakpoint\":\"m\",\"filter_grid_width\":\"auto\",\"filter_position\":\"top\",\"filter_style\":\"tab\",\"grid_default\":\"1\",\"grid_medium\":\"4\",\"grid_small\":\"2\",\"image_border\":\"circle\",\"item_animation\":true,\"lightbox\":true,\"lightbox_bg_close\":true,\"link_style\":\"link-text\",\"link_text\":\"ZOOM\",\"margin\":\"default\",\"meta_align\":\"below-title\",\"meta_element\":\"div\",\"meta_style\":\"text-meta\",\"overlay_hover\":true,\"overlay_link\":true,\"overlay_mode\":\"cover\",\"overlay_position\":\"center\",\"overlay_style\":\"overlay-primary\",\"overlay_transition\":\"fade\",\"show_content\":true,\"show_hover_image\":true,\"show_hover_video\":true,\"show_link\":true,\"show_meta\":false,\"show_title\":false,\"text_align\":\"center\",\"text_color\":\"light\",\"title_element\":\"h3\",\"title_hover_style\":\"reset\"},\"children\":[{\"type\":\"gallery_item\",\"props\":{\"image\":\"wp-content\\\/uploads\\\/01-dettail.jpg\",\"title\":\"01-dettail\"}},{\"type\":\"gallery_item\",\"props\":{\"image\":\"wp-content\\\/uploads\\\/02-dettail.jpg\",\"title\":\"02-dettail\"}},{\"type\":\"gallery_item\",\"props\":{\"image\":\"wp-content\\\/uploads\\\/03-dettail.jpg\",\"title\":\"03-dettail\"}},{\"type\":\"gallery_item\",\"props\":{\"image\":\"wp-content\\\/uploads\\\/04-dettail.jpg\",\"title\":\"04-dettail\"}}]}]}]}]},{\"type\":\"section\",\"props\":{\"header_transparent_noplaceholder\":false,\"height\":\"viewport\",\"height_viewport\":80,\"image\":\"wp-content\\\/uploads\\\/02-slide-home-protectionik.jpg\",\"image_effect\":\"parallax\",\"image_parallax_bgy\":\"40,-40\",\"image_parallax_easing\":\"1\",\"image_position\":\"center-center\",\"image_size\":\"cover\",\"overlap\":false,\"padding_remove_bottom\":false,\"style\":\"default\",\"title_breakpoint\":\"xl\",\"title_position\":\"top-left\",\"title_rotation\":\"left\",\"vertical_align\":\"middle\",\"width\":\"default\"},\"children\":[{\"type\":\"row\",\"props\":{\"margin\":\"remove-vertical\"},\"children\":[{\"type\":\"column\",\"props\":{\"image_position\":\"center-center\",\"position_sticky_breakpoint\":\"m\",\"width_medium\":\"1-1\"},\"children\":[{\"type\":\"headline\",\"props\":{\"block_align\":\"center\",\"content\":\"Il montaggio \\u00e8 molto semplice.\",\"maxwidth\":\"large\",\"text_align\":\"center\",\"title_color\":\"danger\",\"title_element\":\"h1\",\"title_style\":\"heading-small\"}},{\"type\":\"button\",\"props\":{\"grid_column_gap\":\"small\",\"grid_row_gap\":\"small\",\"margin\":\"default\",\"text_align\":\"center\"},\"children\":[{\"type\":\"button_item\",\"props\":{\"button_style\":\"default\",\"content\":\"Scopri dettagli\",\"dialog_layout\":\"modal\",\"dialog_offcanvas_flip\":true,\"icon\":\"arrow-right\",\"icon_align\":\"left\",\"link\":\"it\\\/installazione\"}}]}]}]}]}],\"version\":\"4.5.32\"} --><\/p>\n","protected":false},"excerpt":{"rendered":"<p>Fini les dangereux accidents domestiques ! Prot\u00e9ger est votre choix. Grille de protection pour po\u00eales. En savoir plus Sur la page ACHETER , vous pouvez \u00e9galement trouver d&rsquo;autres produits de la gamme Protectionik Chaque ann\u00e9e, plus de 783 000 accidents domestiques se produisent.Prot\u00e9gez votre tranquillit\u00e9 d&rsquo;esprit avec Protectionik, la grille de protection pour votre po\u00eale [&hellip;]<\/p>\n","protected":false},"author":1,"featured_media":0,"parent":0,"menu_order":0,"comment_status":"closed","ping_status":"closed","template":"","meta":{"footnotes":""},"class_list":["post-298","page","type-page","status-publish","hentry"],"jetpack_sharing_enabled":true,"_links":{"self":[{"href":"https:\/\/protectionik.com\/fr\/wp-json\/wp\/v2\/pages\/298","targetHints":{"allow":["GET"]}}],"collection":[{"href":"https:\/\/protectionik.com\/fr\/wp-json\/wp\/v2\/pages"}],"about":[{"href":"https:\/\/protectionik.com\/fr\/wp-json\/wp\/v2\/types\/page"}],"author":[{"embeddable":true,"href":"https:\/\/protectionik.com\/fr\/wp-json\/wp\/v2\/users\/1"}],"replies":[{"embeddable":true,"href":"https:\/\/protectionik.com\/fr\/wp-json\/wp\/v2\/comments?post=298"}],"version-history":[{"count":7,"href":"https:\/\/protectionik.com\/fr\/wp-json\/wp\/v2\/pages\/298\/revisions"}],"predecessor-version":[{"id":652,"href":"https:\/\/protectionik.com\/fr\/wp-json\/wp\/v2\/pages\/298\/revisions\/652"}],"wp:attachment":[{"href":"https:\/\/protectionik.com\/fr\/wp-json\/wp\/v2\/media?parent=298"}],"curies":[{"name":"wp","href":"https:\/\/api.w.org\/{rel}","templated":true}]}}